{"id":22282,"date":"2025-11-27T03:26:45","date_gmt":"2025-11-27T03:26:45","guid":{"rendered":"https:\/\/esmte.com\/?post_type=product&#038;p=22282"},"modified":"2025-11-27T08:18:14","modified_gmt":"2025-11-27T08:18:14","slug":"dual-lane-smt-link-conveyor-ydc-600","status":"publish","type":"product","link":"https:\/\/esmte.com\/de\/products\/dual-lane-smt-link-conveyor-ydc-600\/","title":{"rendered":"Zweispuriger SMT-Link-F\u00f6rderer YDC-600"},"content":{"rendered":"<h2>Einf\u00fchrung<\/h2>\n<p data-start=\"166\" data-end=\"652\">Der <strong data-start=\"170\" data-end=\"209\">Zweispur-SMT-Link-F\u00f6rderband YDC-600<\/strong> Die YDC-600 ist eine kompakte und effiziente Leiterplattentransferl\u00f6sung, die speziell f\u00fcr SMT-Fertigungsumgebungen mit Zweispurbetrieb entwickelt wurde. Ihre optimierte Bauweise erm\u00f6glicht den simultanen Transport von Leiterplatten \u00fcber zwei unabh\u00e4ngige Spuren und ist somit ideal f\u00fcr Produktionslinien mit hoher Dichte oder Einrichtungen, die den Durchsatz auf begrenzter Fl\u00e4che maximieren m\u00f6chten. Trotz ihrer geringen Stellfl\u00e4che bietet die YDC-600 eine hervorragende Stabilit\u00e4t und einen gleichm\u00e4\u00dfigen Leiterplattenfluss im Betrieb.<\/p>\n<p data-start=\"654\" data-end=\"1160\">Ausgestattet mit einer einstellbaren Schienenbreite, verarbeitet die YDC-600 eine Vielzahl von Leiterplattengr\u00f6\u00dfen, die in der Elektronikfertigung \u00fcblich sind. Ihr pr\u00e4zises Sensorsystem gew\u00e4hrleistet eine genaue Leiterplattenerkennung und -ausrichtung und erm\u00f6glicht so einen reibungslosen Transport der Leiterplatten zwischen vor- und nachgelagerten Anlagen. Dies reduziert das Risiko von Fehlzuf\u00fchrungen oder St\u00f6rungen und erh\u00f6ht die Zuverl\u00e4ssigkeit des gesamten SMT-Prozesses. Die pr\u00e4zisionsgetriebenen Motoren des Verbindungsf\u00f6rderers sorgen f\u00fcr eine sanfte, vibrationsfreie Bewegung, ideal f\u00fcr empfindliche oder dicht best\u00fcckte Leiterplatten.<\/p>\n<p data-start=\"1162\" data-end=\"1637\">Die YDC-600 wurde f\u00fcr SMT-Linien mit mittlerer bis hoher Geschwindigkeit entwickelt und spielt eine entscheidende Rolle bei der Produktionsausgewogenheit zwischen zwei Fertigungsstra\u00dfen. Je nach Linienkonfiguration kann sie zur Aufteilung des Leiterplattenflusses, zum Zusammenf\u00fchren von Fertigungsstra\u00dfen oder zur simultanen Best\u00fcckung beider Fertigungsstra\u00dfen eingesetzt werden. Diese Flexibilit\u00e4t hilft Herstellern, die Taktzeit zu optimieren, Engp\u00e4sse zu vermeiden und eine gleichbleibende Produktivit\u00e4t zu gew\u00e4hrleisten. Ob im Einzel- oder Mischfertigungsbetrieb \u2013 die YDC-600 passt sich problemlos an unterschiedliche Workflow-Anforderungen an.<\/p>\n<p data-start=\"1639\" data-end=\"2138\">Dank seines ESD-sicheren und robusten Geh\u00e4uses gew\u00e4hrleistet der YDC-600 langfristige Zuverl\u00e4ssigkeit und Schutz f\u00fcr empfindliche elektronische Bauteile. Seine widerstandsf\u00e4hige Konstruktion erm\u00f6glicht den Dauerbetrieb, w\u00e4hrend die \u00fcbersichtliche mechanische Anordnung die routinem\u00e4\u00dfige Wartung vereinfacht. Der YDC-600 ist f\u00fcr die nahtlose Integration konzipiert und l\u00e4sst sich problemlos mit SMT-Druckern, Best\u00fcckungsautomaten, Reflow-\u00d6fen, Inspektionssystemen, Be- und Entladern verbinden, um ein integriertes und effizientes Netzwerk f\u00fcr die automatisierte Leiterplattenhandhabung zu bilden.<\/p>\n<p data-start=\"2140\" data-end=\"2394\">Mit seiner hohen Zuverl\u00e4ssigkeit, kompakten Bauweise und der Flexibilit\u00e4t einer zweispurigen Fertigung ist der Dual-Line SMT Link Conveyor YDC-600 eine ideale L\u00f6sung f\u00fcr Hersteller, die ihre Effizienz steigern, die Linienauslastung verbessern und die Anforderungen moderner SMT-Automatisierung erf\u00fcllen m\u00f6chten.<\/p>\n<p>&nbsp;<\/p>\n<p><img loading=\"lazy\" decoding=\"async\" class=\"aligncenter wp-image-22279\" src=\"https:\/\/esmte.com\/wp-content\/uploads\/2025\/11\/11-5.webp\" alt=\"Dual-lane SMT Link Conveyor YDC-600\" width=\"500\" height=\"500\" srcset=\"https:\/\/esmte.com\/wp-content\/uploads\/2025\/11\/11-5.webp 2560w, https:\/\/esmte.com\/wp-content\/uploads\/2025\/11\/11-5-100x100.webp 100w, https:\/\/esmte.com\/wp-content\/uploads\/2025\/11\/11-5-600x600.webp 600w, https:\/\/esmte.com\/wp-content\/uploads\/2025\/11\/11-5-300x300.webp 300w, https:\/\/esmte.com\/wp-content\/uploads\/2025\/11\/11-5-1024x1024.webp 1024w, https:\/\/esmte.com\/wp-content\/uploads\/2025\/11\/11-5-150x150.webp 150w, https:\/\/esmte.com\/wp-content\/uploads\/2025\/11\/11-5-768x768.webp 768w, https:\/\/esmte.com\/wp-content\/uploads\/2025\/11\/11-5-1536x1536.webp 1536w, https:\/\/esmte.com\/wp-content\/uploads\/2025\/11\/11-5-2048x2048.webp 2048w, https:\/\/esmte.com\/wp-content\/uploads\/2025\/11\/11-5-1x1.webp 1w, https:\/\/esmte.com\/wp-content\/uploads\/2025\/11\/11-5-10x10.webp 10w\" sizes=\"auto, (max-width: 500px) 100vw, 500px\" \/><\/p>\n<h3>Hauptmerkmale<\/h3>\n<ul>\n<li data-start=\"5231\" data-end=\"5289\">\n<p data-start=\"5233\" data-end=\"5289\">Gleichzeitiger Betrieb auf zwei Spuren f\u00fcr h\u00f6heren Durchsatz<\/p>\n<\/li>\n<li data-start=\"5290\" data-end=\"5342\">\n<p data-start=\"5292\" data-end=\"5342\">Dynamische Drehzahlregelung passend zum Timing des SMT-Bauteils<\/p>\n<\/li>\n<li data-start=\"5343\" data-end=\"5403\">\n<p data-start=\"5345\" data-end=\"5403\">Pr\u00e4zisionssensoren zur Erkennung des Vorhandenseins und der Ausrichtung von Leiterplatten<\/p>\n<\/li>\n<li data-start=\"5404\" data-end=\"5452\">\n<p data-start=\"5406\" data-end=\"5452\">Robuste Bauweise f\u00fcr gleichbleibende Leistung<\/p>\n<\/li>\n<li data-start=\"5453\" data-end=\"5501\">\n<p data-start=\"5455\" data-end=\"5501\">Benutzerfreundliche Anpassung f\u00fcr Leiterplatten unterschiedlicher Gr\u00f6\u00dfe<\/p>\n<\/li>\n<li data-start=\"5502\" data-end=\"5682\">\n<p data-start=\"5504\" data-end=\"5682\">Glatter Riemen verhindert Besch\u00e4digungen an Bauteilen<\/p>\n<\/li>\n<\/ul>\n<p>&nbsp;<\/p>\n<h2>Spezifikationen<\/h2>\n<table style=\"height: 370px;\" width=\"1377\">\n<tbody>\n<tr>\n<td style=\"text-align: center;\" width=\"199\">Modell<\/td>\n<td style=\"text-align: center;\" width=\"161\">YDC-500<\/td>\n<td style=\"text-align: center;\" width=\"161\">YDC-600<\/td>\n<td style=\"text-align: center;\" width=\"163\">YDC-1000<\/td>\n<\/tr>\n<tr>\n<td style=\"text-align: center;\" width=\"199\">Schienenl\u00e4nge<\/td>\n<td style=\"text-align: center;\" width=\"161\">500 mm<\/td>\n<td style=\"text-align: center;\" width=\"161\">600 mm<\/td>\n<td style=\"text-align: center;\" width=\"163\">1000 mm<\/td>\n<\/tr>\n<tr>\n<td style=\"text-align: center;\" width=\"199\">Abmessung (mm)<\/td>\n<td style=\"text-align: center;\" width=\"161\">500*990*950<\/td>\n<td style=\"text-align: center;\" width=\"161\">600*990*950<\/td>\n<td style=\"text-align: center;\" width=\"163\">1000*990*950<\/td>\n<\/tr>\n<tr>\n<td style=\"text-align: center;\" width=\"199\">Max. Leiterplattenbreite Zweispurig<\/td>\n<td style=\"text-align: center;\" width=\"161\">50 bis 270 mm*2<\/td>\n<td style=\"text-align: center;\" width=\"161\">50 bis 270 mm*2<\/td>\n<td style=\"text-align: center;\" width=\"163\">50 bis 270 mm*2<\/td>\n<\/tr>\n<tr>\n<td style=\"text-align: center;\" width=\"199\">Maximale Leiterplattenbreite (Einzelspur)<\/td>\n<td style=\"text-align: center;\" width=\"161\">510 mm<\/td>\n<td style=\"text-align: center;\" width=\"161\">510 mm<\/td>\n<td style=\"text-align: center;\" width=\"163\">510 mm<\/td>\n<\/tr>\n<tr>\n<td style=\"text-align: center;\" width=\"199\">Stromversorgung<\/td>\n<td style=\"text-align: center;\" width=\"161\">1-phasig, Wechselstrom 220 V, 50\/60 Hz<br \/>\n(Option: 110 V bis 380 V)<\/td>\n<td style=\"text-align: center;\" width=\"161\">1-phasig, Wechselstrom 220 V, 50\/60 Hz<br \/>\n(Option: 110 V bis 380 V)<\/td>\n<td style=\"text-align: center;\" width=\"163\">1-phasig, Wechselstrom 220 V, 50\/60 Hz<br \/>\n(Option: 110 V bis 380 V)<\/td>\n<\/tr>\n<tr>\n<td style=\"text-align: center;\" width=\"199\">Gewicht<\/td>\n<td style=\"text-align: center;\" width=\"161\">80 kg<\/td>\n<td style=\"text-align: center;\" width=\"161\">90 kg<\/td>\n<td style=\"text-align: center;\" width=\"163\">105 kg<\/td>\n<\/tr>\n<\/tbody>\n<\/table>\n<p>&nbsp;<\/p>\n<p><a href=\"https:\/\/www.youtube.com\/@allaismt\" rel=\"nofollow noopener\" target=\"_blank\"><u>https:\/\/www.youtube.com\/@allaismt<\/u><\/a><\/p>\n<p>F\u00fcr weitere Informationen zum Dual-Line-SMT-Link-F\u00f6rderband YDC-600 senden Sie bitte eine E-Mail an<\/p>\n<p><a href=\"mailto:sophia@allaismt.com\"><u>sophia@allaismt.com<\/u><\/a><\/p>\n<p>Wir werden Ihre Anfrage umgehend beantworten und Ihnen detaillierte Informationen \u00fcber unsere Produkte und Dienstleistungen zukommen lassen.<\/p>","protected":false},"excerpt":{"rendered":"<p>Beschreibung: Der Doppelspur-SMT-Link-F\u00f6rderer YDC-600 ist f\u00fcr den effizienten Leiterplattentransport zwischen zwei parallelen SMT-Produktionslinien konzipiert. Dank seiner kompakten Doppelspurstruktur, der einstellbaren Schienenbreite und der pr\u00e4zisen Sensorerkennung gew\u00e4hrleistet er eine stabile und genaue Leiterplattenausrichtung. Der YDC-600 ist ideal f\u00fcr Hochgeschwindigkeits-SMT-Linien geeignet und unterst\u00fctzt flexible Linienauslastung, kontinuierlichen Leiterplattenfluss und die nahtlose Integration mit Druckern, Reflow-\u00d6fen, Be- und Entladern. Dadurch wird die Gesamtproduktionseffizienz in der modernen Elektronikfertigung gesteigert.<\/p>\n<p>Mindestbestellmenge: 1 St\u00fcck<\/p>\n<p>Lieferzeit: 15 Tage<\/p>","protected":false},"featured_media":22283,"comment_status":"closed","ping_status":"closed","template":"","meta":[],"etheme_brands":[],"product_brand":[],"product_cat":[144],"product_tag":[],"class_list":{"0":"post-22282","1":"product","2":"type-product","3":"status-publish","4":"has-post-thumbnail","6":"product_cat-pcb-handling-machine","8":"first","9":"instock","10":"shipping-taxable","11":"product-type-simple"},"_links":{"self":[{"href":"https:\/\/esmte.com\/de\/wp-json\/wp\/v2\/product\/22282","targetHints":{"allow":["GET"]}}],"collection":[{"href":"https:\/\/esmte.com\/de\/wp-json\/wp\/v2\/product"}],"about":[{"href":"https:\/\/esmte.com\/de\/wp-json\/wp\/v2\/types\/product"}],"replies":[{"embeddable":true,"href":"https:\/\/esmte.com\/de\/wp-json\/wp\/v2\/comments?post=22282"}],"version-history":[{"count":1,"href":"https:\/\/esmte.com\/de\/wp-json\/wp\/v2\/product\/22282\/revisions"}],"predecessor-version":[{"id":22322,"href":"https:\/\/esmte.com\/de\/wp-json\/wp\/v2\/product\/22282\/revisions\/22322"}],"wp:featuredmedia":[{"embeddable":true,"href":"https:\/\/esmte.com\/de\/wp-json\/wp\/v2\/media\/22283"}],"wp:attachment":[{"href":"https:\/\/esmte.com\/de\/wp-json\/wp\/v2\/media?parent=22282"}],"wp:term":[{"taxonomy":"brand","embeddable":true,"href":"https:\/\/esmte.com\/de\/wp-json\/wp\/v2\/etheme_brands?post=22282"},{"taxonomy":"product_brand","embeddable":true,"href":"https:\/\/esmte.com\/de\/wp-json\/wp\/v2\/product_brand?post=22282"},{"taxonomy":"product_cat","embeddable":true,"href":"https:\/\/esmte.com\/de\/wp-json\/wp\/v2\/product_cat?post=22282"},{"taxonomy":"product_tag","embeddable":true,"href":"https:\/\/esmte.com\/de\/wp-json\/wp\/v2\/product_tag?post=22282"}],"curies":[{"name":"wp","href":"https:\/\/api.w.org\/{rel}","templated":true}]}}