{"id":22226,"date":"2025-11-26T07:06:27","date_gmt":"2025-11-26T07:06:27","guid":{"rendered":"https:\/\/esmte.com\/?post_type=product&#038;p=22226"},"modified":"2025-11-27T09:25:21","modified_gmt":"2025-11-27T09:25:21","slug":"pcb-smt-mini-cyclic-loader","status":"publish","type":"product","link":"https:\/\/esmte.com\/de\/products\/pcb-smt-mini-cyclic-loader\/","title":{"rendered":"PCB SMT Mini-Zykluslader"},"content":{"rendered":"<h2>Einf\u00fchrung<\/h2>\n<p data-start=\"192\" data-end=\"482\">In der modernen Elektronikfertigung ist ein reibungsloser und kontinuierlicher Leiterplatten-Workflow unerl\u00e4sslich f\u00fcr hohe Produktivit\u00e4t und gleichbleibende Produktqualit\u00e4t. <strong data-start=\"349\" data-end=\"379\">PCB SMT Mini-Zykluslader<\/strong> ist darauf ausgelegt, die Leiterplattenhandhabung durch automatisierte zyklische Beladung von SMT-Produktionslinien zu optimieren.<\/p>\n<p data-start=\"484\" data-end=\"882\">Der Best\u00fccker zeichnet sich durch ein kompaktes und dennoch robustes Design aus und l\u00e4sst sich nahtlos in bestehende SMT-Linien integrieren, ohne viel Stellfl\u00e4che zu beanspruchen. Sein pr\u00e4ziser Mechanismus gew\u00e4hrleistet ein stabiles und zuverl\u00e4ssiges Beladen der Leiterplatten, minimiert das Risiko von Besch\u00e4digungen und steigert die Betriebseffizienz. Das System ist mit einer Vielzahl von Leiterplattengr\u00f6\u00dfen kompatibel und somit vielseitig f\u00fcr unterschiedlichste Produktionsanforderungen einsetzbar.<\/p>\n<p data-start=\"884\" data-end=\"1150\">Der robuste und benutzerfreundliche PCB SMT Mini-Zykluslader reduziert den manuellen Aufwand, optimiert den Ladevorgang und gew\u00e4hrleistet einen kontinuierlichen Arbeitsablauf. Seine intuitive Bedienung und einfache Wartung tragen zu geringeren Ausfallzeiten und einer verbesserten Gesamtlinieneffizienz bei.<\/p>\n<p data-start=\"1152\" data-end=\"1427\">Durch die Einbeziehung der <strong data-start=\"1173\" data-end=\"1203\">PCB SMT Mini-Zykluslader<\/strong>, Hersteller k\u00f6nnen damit einen h\u00f6heren Durchsatz, eine sicherere Leiterplattenhandhabung und eine effizientere SMT-Produktion erzielen. Es ist die ideale L\u00f6sung f\u00fcr Elektronikfabriken, die kompakte, zuverl\u00e4ssige und leistungsstarke Leiterplatten-Best\u00fcckungsanlagen suchen.<\/p>\n<p><img loading=\"lazy\" decoding=\"async\" class=\"alignnone wp-image-22227 aligncenter\" src=\"https:\/\/esmte.com\/wp-content\/uploads\/2025\/11\/Mini-Cyclic-Loader_\u526f\u672c.webp\" alt=\"\" width=\"500\" height=\"500\" srcset=\"https:\/\/esmte.com\/wp-content\/uploads\/2025\/11\/Mini-Cyclic-Loader_\u526f\u672c.webp 2560w, https:\/\/esmte.com\/wp-content\/uploads\/2025\/11\/Mini-Cyclic-Loader_\u526f\u672c-100x100.webp 100w, https:\/\/esmte.com\/wp-content\/uploads\/2025\/11\/Mini-Cyclic-Loader_\u526f\u672c-600x600.webp 600w, https:\/\/esmte.com\/wp-content\/uploads\/2025\/11\/Mini-Cyclic-Loader_\u526f\u672c-300x300.webp 300w, https:\/\/esmte.com\/wp-content\/uploads\/2025\/11\/Mini-Cyclic-Loader_\u526f\u672c-1024x1024.webp 1024w, https:\/\/esmte.com\/wp-content\/uploads\/2025\/11\/Mini-Cyclic-Loader_\u526f\u672c-150x150.webp 150w, https:\/\/esmte.com\/wp-content\/uploads\/2025\/11\/Mini-Cyclic-Loader_\u526f\u672c-768x768.webp 768w, https:\/\/esmte.com\/wp-content\/uploads\/2025\/11\/Mini-Cyclic-Loader_\u526f\u672c-1536x1536.webp 1536w, https:\/\/esmte.com\/wp-content\/uploads\/2025\/11\/Mini-Cyclic-Loader_\u526f\u672c-2048x2048.webp 2048w, https:\/\/esmte.com\/wp-content\/uploads\/2025\/11\/Mini-Cyclic-Loader_\u526f\u672c-1x1.webp 1w, https:\/\/esmte.com\/wp-content\/uploads\/2025\/11\/Mini-Cyclic-Loader_\u526f\u672c-10x10.webp 10w\" sizes=\"auto, (max-width: 500px) 100vw, 500px\" \/><\/p>\n<h3>Hauptmerkmale<\/h3>\n<ul>\n<li data-start=\"146\" data-end=\"215\">\n<p data-start=\"148\" data-end=\"215\">Kompakte Bauform, geeignet f\u00fcr SMT-Fertigungslinien mit begrenztem Platzangebot<\/p>\n<\/li>\n<li data-start=\"216\" data-end=\"269\">\n<p data-start=\"218\" data-end=\"269\">Kontinuierliche zyklische Leiterplattenbelastung f\u00fcr einen stabilen Arbeitsablauf<\/p>\n<\/li>\n<li data-start=\"270\" data-end=\"330\">\n<p data-start=\"272\" data-end=\"330\">Hochpr\u00e4zise Sensoren gew\u00e4hrleisten genaue Platinenausrichtung<\/p>\n<\/li>\n<li data-start=\"331\" data-end=\"387\">\n<p data-start=\"333\" data-end=\"387\">Robuste mechanische Konstruktion f\u00fcr den Langzeitbetrieb<\/p>\n<\/li>\n<li data-start=\"388\" data-end=\"449\">\n<p data-start=\"390\" data-end=\"449\">Einfache Integration mit bestehenden SMT-Druckern und F\u00f6rderb\u00e4ndern<\/p>\n<\/li>\n<li data-start=\"450\" data-end=\"661\">\n<p data-start=\"452\" data-end=\"661\">Benutzerfreundliche Oberfl\u00e4che f\u00fcr einfache Bedienung und Anpassung<\/p>\n<\/li>\n<\/ul>\n<p>&nbsp;<\/p>\n<h2>Spezifikationen<\/h2>\n<table style=\"height: 229px;\" width=\"1380\">\n<tbody>\n<tr>\n<td style=\"text-align: center;\" width=\"127\">Modell<\/td>\n<td style=\"text-align: center;\" width=\"233\">YCL-500<\/td>\n<\/tr>\n<tr>\n<td style=\"text-align: center;\" width=\"127\">Abmessung (mm)<\/td>\n<td style=\"text-align: center;\" width=\"233\">500*475*1400<\/td>\n<\/tr>\n<tr>\n<td style=\"text-align: center;\" width=\"127\">Leiterplattengr\u00f6\u00dfe (mm)<\/td>\n<td style=\"text-align: center;\" width=\"233\">50*50-330*250<\/td>\n<\/tr>\n<tr>\n<td style=\"text-align: center;\" width=\"127\">PCB-Kapazit\u00e4t<\/td>\n<td style=\"text-align: center;\" width=\"233\">15 St\u00fcck oder nach Vereinbarung<\/td>\n<\/tr>\n<tr>\n<td style=\"text-align: center;\" width=\"127\">Leistung<\/td>\n<td style=\"text-align: center;\" width=\"233\">Max120VA<\/td>\n<\/tr>\n<tr>\n<td style=\"text-align: center;\" width=\"127\">Transporth\u00f6he<\/td>\n<td style=\"text-align: center;\" width=\"233\">900\u00b120mm<br \/>\n(oder vom Kunden angegeben)<\/td>\n<\/tr>\n<tr>\n<td style=\"text-align: center;\" width=\"127\">Leiterplattenrichtung<\/td>\n<td style=\"text-align: center;\" width=\"233\">Von links nach rechts oder von rechts nach links<\/td>\n<\/tr>\n<tr>\n<td style=\"text-align: center;\" width=\"127\">Stromversorgung<\/td>\n<td style=\"text-align: center;\" width=\"233\">1-phasig Wechselstrom 220 V 50\/60 Hz (Option: 110 V bis 380 V)<\/td>\n<\/tr>\n<tr>\n<td style=\"text-align: center;\" width=\"127\">Gewicht<\/td>\n<td style=\"text-align: center;\" width=\"233\">150 kg<\/td>\n<\/tr>\n<\/tbody>\n<\/table>\n<p>&nbsp;<\/p>\n<p><a href=\"https:\/\/www.youtube.com\/@allaismt\" rel=\"nofollow noopener\" target=\"_blank\"><u>https:\/\/www.youtube.com\/@allaismt<\/u><\/a><\/p>\n<p>F\u00fcr weitere Informationen zum PCB SMT Mini Cyclic Loader senden Sie bitte eine E-Mail an<\/p>\n<p><a href=\"mailto:sophia@allaismt.com\"><u>sophia@allaismt.com<\/u><\/a><\/p>\n<p>Wir werden Ihre Anfrage umgehend beantworten und Ihnen detaillierte Informationen \u00fcber unsere Produkte und Dienstleistungen zukommen lassen.<\/p>","protected":false},"excerpt":{"rendered":"<p>Beschreibung: Die <strong data-start=\"90\" data-end=\"120\">PCB SMT Mini-Zykluslader<\/strong> ist ein kompaktes und effizientes Ladesystem f\u00fcr SMT-Fertigungslinien. Es erm\u00f6glicht das automatisierte, zyklische Laden von Leiterplatten und gew\u00e4hrleistet so einen reibungslosen und kontinuierlichen Arbeitsablauf bei minimalem manuellem Aufwand. Dank Kompatibilit\u00e4t mit verschiedenen Leiterplattengr\u00f6\u00dfen und einem pr\u00e4zisen, robusten Mechanismus garantiert der Lader einen stabilen und schadenfreien Betrieb. Seine kompakte Bauweise erm\u00f6glicht die einfache Integration in bestehende SMT-Linien und steigert so die Gesamtproduktionseffizienz.<\/p>\n<p>Mindestbestellmenge: 1 St\u00fcck<\/p>\n<p>Lieferzeit: 15 Tage<\/p>","protected":false},"featured_media":22228,"comment_status":"closed","ping_status":"closed","template":"","meta":[],"etheme_brands":[],"product_brand":[],"product_cat":[144],"product_tag":[],"class_list":{"0":"post-22226","1":"product","2":"type-product","3":"status-publish","4":"has-post-thumbnail","6":"product_cat-pcb-handling-machine","8":"first","9":"instock","10":"shipping-taxable","11":"product-type-simple"},"_links":{"self":[{"href":"https:\/\/esmte.com\/de\/wp-json\/wp\/v2\/product\/22226","targetHints":{"allow":["GET"]}}],"collection":[{"href":"https:\/\/esmte.com\/de\/wp-json\/wp\/v2\/product"}],"about":[{"href":"https:\/\/esmte.com\/de\/wp-json\/wp\/v2\/types\/product"}],"replies":[{"embeddable":true,"href":"https:\/\/esmte.com\/de\/wp-json\/wp\/v2\/comments?post=22226"}],"version-history":[{"count":1,"href":"https:\/\/esmte.com\/de\/wp-json\/wp\/v2\/product\/22226\/revisions"}],"predecessor-version":[{"id":22351,"href":"https:\/\/esmte.com\/de\/wp-json\/wp\/v2\/product\/22226\/revisions\/22351"}],"wp:featuredmedia":[{"embeddable":true,"href":"https:\/\/esmte.com\/de\/wp-json\/wp\/v2\/media\/22228"}],"wp:attachment":[{"href":"https:\/\/esmte.com\/de\/wp-json\/wp\/v2\/media?parent=22226"}],"wp:term":[{"taxonomy":"brand","embeddable":true,"href":"https:\/\/esmte.com\/de\/wp-json\/wp\/v2\/etheme_brands?post=22226"},{"taxonomy":"product_brand","embeddable":true,"href":"https:\/\/esmte.com\/de\/wp-json\/wp\/v2\/product_brand?post=22226"},{"taxonomy":"product_cat","embeddable":true,"href":"https:\/\/esmte.com\/de\/wp-json\/wp\/v2\/product_cat?post=22226"},{"taxonomy":"product_tag","embeddable":true,"href":"https:\/\/esmte.com\/de\/wp-json\/wp\/v2\/product_tag?post=22226"}],"curies":[{"name":"wp","href":"https:\/\/api.w.org\/{rel}","templated":true}]}}