{"id":22223,"date":"2025-11-26T06:49:32","date_gmt":"2025-11-26T06:49:32","guid":{"rendered":"https:\/\/esmte.com\/?post_type=product&#038;p=22223"},"modified":"2026-01-14T02:06:56","modified_gmt":"2026-01-14T02:06:56","slug":"automatic-pcb-folding-loader-yfl-l995","status":"publish","type":"product","link":"https:\/\/esmte.com\/de\/products\/automatic-pcb-folding-loader-yfl-l995\/","title":{"rendered":"Automatic SMT PCB Folding Loader YFL-L995"},"content":{"rendered":"<h2>Einf\u00fchrung<\/h2>\n<p data-start=\"202\" data-end=\"561\">In der heutigen schnelllebigen Elektronikfertigungsumgebung ist eine effiziente und pr\u00e4zise Leiterplattenhandhabung unerl\u00e4sslich, um hohe Produktivit\u00e4ts- und Qualit\u00e4tsstandards aufrechtzuerhalten. <strong data-start=\"373\" data-end=\"414\">Automatic SMT PCB Folding Loader YFL-L995<\/strong> ist darauf ausgelegt, die Leiterplattenbeladung in SMT-Produktionslinien zu optimieren und bietet eine zuverl\u00e4ssige Automatisierung, die den manuellen Aufwand reduziert und einen reibungslosen Arbeitsablauf gew\u00e4hrleistet.<\/p>\n<p data-start=\"563\" data-end=\"916\">Die YFL-L995 verf\u00fcgt \u00fcber einen fortschrittlichen automatischen Faltmechanismus, der ein pr\u00e4zises und stabiles Einlegen von Leiterplatten in die Produktionslinie erm\u00f6glicht. Dies minimiert Besch\u00e4digungen der Leiterplatten, gew\u00e4hrleistet einen gleichbleibenden Durchsatz und verbessert die Gesamteffizienz der Linie. Dank ihrer Konstruktion unterst\u00fctzt sie eine Vielzahl von Leiterplattengr\u00f6\u00dfen und bietet somit Flexibilit\u00e4t f\u00fcr unterschiedlichste Fertigungsanforderungen.<\/p>\n<p data-start=\"918\" data-end=\"1254\">Dank seiner robusten Konstruktion und der Verwendung langlebiger Materialien gew\u00e4hrleistet der YFL-L995 auch im Dauerbetrieb zuverl\u00e4ssige Leistung. Seine kompakte Bauweise erm\u00f6glicht die nahtlose Integration in bestehende SMT-Linien, w\u00e4hrend die intuitive Benutzeroberfl\u00e4che Bedienung und Wartung vereinfacht, Ausfallzeiten reduziert und die Produktionseffizienz steigert.<\/p>\n<p data-start=\"1256\" data-end=\"1539\">Durch die Umsetzung der <strong data-start=\"1276\" data-end=\"1317\">Automatic SMT PCB Folding Loader YFL-L995<\/strong>, Hersteller k\u00f6nnen damit reibungslosere Leiterplatten\u00fcberg\u00e4nge, einen h\u00f6heren Durchsatz und einen zuverl\u00e4ssigen Betrieb erzielen. Es ist die ideale L\u00f6sung f\u00fcr Elektronikfabriken, die pr\u00e4zise, leistungsstarke und effiziente Leiterplattenbest\u00fcckungsanlagen suchen.<\/p>\n<p><img loading=\"lazy\" decoding=\"async\" class=\"aligncenter wp-image-22214\" src=\"https:\/\/esmte.com\/wp-content\/uploads\/2025\/11\/11-2-scaled.webp\" alt=\"Automatic SMT PCB Folding Loader YFL-L995\" width=\"503\" height=\"503\" srcset=\"https:\/\/esmte.com\/wp-content\/uploads\/2025\/11\/11-2-scaled.webp 2560w, https:\/\/esmte.com\/wp-content\/uploads\/2025\/11\/11-2-scaled-100x100.webp 100w, https:\/\/esmte.com\/wp-content\/uploads\/2025\/11\/11-2-scaled-600x600.webp 600w, https:\/\/esmte.com\/wp-content\/uploads\/2025\/11\/11-2-300x300.webp 300w, https:\/\/esmte.com\/wp-content\/uploads\/2025\/11\/11-2-1024x1024.webp 1024w, https:\/\/esmte.com\/wp-content\/uploads\/2025\/11\/11-2-150x150.webp 150w, https:\/\/esmte.com\/wp-content\/uploads\/2025\/11\/11-2-768x768.webp 768w, https:\/\/esmte.com\/wp-content\/uploads\/2025\/11\/11-2-1536x1536.webp 1536w, https:\/\/esmte.com\/wp-content\/uploads\/2025\/11\/11-2-2048x2048.webp 2048w, https:\/\/esmte.com\/wp-content\/uploads\/2025\/11\/11-2-1x1.webp 1w, https:\/\/esmte.com\/wp-content\/uploads\/2025\/11\/11-2-10x10.webp 10w\" sizes=\"auto, (max-width: 503px) 100vw, 503px\" \/><\/p>\n<h3>Hauptmerkmale<\/h3>\n<ul class=\"auto-hide-last-sibling-br\">\n<li>Integriert eine KI-gest\u00fctzte adaptive Steuerung zur Anpassung der Parameter basierend auf den Echtzeitbedingungen der Leiterplatte.<\/li>\n<li>Ausgestattet mit Touchscreen-HMI f\u00fcr intuitive Bedienung und benutzerdefinierte Programmspeicherung (bis zu 100+ Rezepte).<\/li>\n<li>Unterst\u00fctzt Fern\u00fcberwachung und -steuerung \u00fcber mobile\/Desktop-Apps f\u00fcr ein komfortables Prozessmanagement.<\/li>\n<li>Vorausschauende Wartungswarnungen reduzieren unerwartete Ausfallzeiten durch die \u00dcberwachung des Komponentenverschlei\u00dfes.<\/li>\n<li>Bildverarbeitungssystemintegration zur automatischen Leiterplattenidentifizierung und Fehlererkennung.<\/li>\n<li>Datenprotokollierungsfunktionen zur R\u00fcckverfolgbarkeit von Prozessen und zur Einhaltung der Qualit\u00e4tskontrolle.<\/li>\n<\/ul>\n<p>&nbsp;<\/p>\n<h2>Spezifikationen<\/h2>\n<table style=\"border-collapse: collapse; width: 1377px; height: 173px;\" border=\"0\" width=\"462\" cellspacing=\"0\" cellpadding=\"0\">\n<tbody>\n<tr style=\"height: 15.75pt;\">\n<td class=\"et2\" style=\"height: 15.75pt; width: 90pt; text-align: center;\" width=\"120\" height=\"21\">Modell<\/td>\n<td class=\"et3\" style=\"width: 138pt; text-align: center;\" width=\"184\">YFL-M855<\/td>\n<td class=\"et4\" style=\"width: 118.5pt; text-align: center;\" width=\"158\">YFL-L995<\/td>\n<\/tr>\n<tr style=\"height: 15.75pt;\">\n<td class=\"et5\" style=\"height: 15.75pt; width: 90pt; text-align: center;\" width=\"120\" height=\"21\">Abmessung (mm)<\/td>\n<td class=\"et6\" style=\"width: 138pt; text-align: center;\" width=\"184\">1850*855*1250<\/td>\n<td class=\"et7\" style=\"width: 118.5pt; text-align: center;\" width=\"158\">2320*995*1250<\/td>\n<\/tr>\n<tr style=\"height: 15.75pt;\">\n<td class=\"et5\" style=\"height: 15.75pt; width: 90pt; text-align: center;\" width=\"120\" height=\"21\">Leiterplattengr\u00f6\u00dfe (mm)<\/td>\n<td class=\"et6\" style=\"width: 138pt; text-align: center;\" width=\"184\">50*80-330*250<\/td>\n<td class=\"et7\" style=\"width: 118.5pt; text-align: center;\" width=\"158\">50*80-460*390<\/td>\n<\/tr>\n<tr style=\"height: 15.75pt;\">\n<td class=\"et5\" style=\"height: 15.75pt; width: 90pt; text-align: center;\" width=\"120\" height=\"21\">PCB-Kapazit\u00e4t<\/td>\n<td class=\"et6\" style=\"width: 256.5pt; text-align: center;\" colspan=\"2\" width=\"342\">400 St\u00fcck (0,6 mm dicke Leiterplatte)<\/td>\n<\/tr>\n<tr style=\"height: 15.75pt;\">\n<td class=\"et5\" style=\"height: 15.75pt; width: 90pt; text-align: center;\" width=\"120\" height=\"21\">Steuerungssystem<\/td>\n<td class=\"et6\" style=\"width: 256.5pt; text-align: center;\" colspan=\"2\" width=\"342\">SPS<\/td>\n<\/tr>\n<tr style=\"height: 15.75pt;\">\n<td class=\"et5\" style=\"height: 15.75pt; width: 90pt; text-align: center;\" width=\"120\" height=\"21\">Stromversorgung<\/td>\n<td class=\"et6\" style=\"width: 256.5pt; text-align: center;\" colspan=\"2\" width=\"342\">1-phasig Wechselstrom 220 V 50\/60 Hz (Option: 110 V bis 380 V)<\/td>\n<\/tr>\n<tr style=\"height: 15.75pt;\">\n<td class=\"et8\" style=\"height: 15.75pt; width: 90pt; text-align: center;\" width=\"120\" height=\"21\">Gewicht<\/td>\n<td class=\"et9\" style=\"width: 138pt; text-align: center;\" width=\"184\">200 kg<\/td>\n<td class=\"et10\" style=\"width: 118.5pt; text-align: center;\" width=\"158\">260 kg<\/td>\n<\/tr>\n<\/tbody>\n<\/table>\n<p>&nbsp;<\/p>\n<p><a href=\"https:\/\/www.youtube.com\/@allaismt\" rel=\"nofollow noopener\" target=\"_blank\"><u>https:\/\/www.youtube.com\/@allaismt<\/u><\/a><\/p>\n<p>F\u00fcr weitere Informationen zum automatischen Leiterplatten-Faltlader YFL-L995 senden Sie bitte eine E-Mail an<\/p>\n<p><a href=\"mailto:sophia@allaismt.com\"><u>sophia@allaismt.com<\/u><\/a><\/p>\n<p>Wir werden Ihre Anfrage umgehend beantworten und Ihnen detaillierte Informationen \u00fcber unsere Produkte und Dienstleistungen zukommen lassen.<\/p>","protected":false},"excerpt":{"rendered":"<p>Beschreibung: Die <strong data-start=\"101\" data-end=\"142\">Automatic SMT PCB Folding Loader YFL-L995<\/strong> Das YFL-L995 ist ein hocheffizientes Ladesystem f\u00fcr SMT-Fertigungslinien. Dank seines fortschrittlichen automatischen Faltmechanismus gew\u00e4hrleistet es ein reibungsloses, pr\u00e4zises und zuverl\u00e4ssiges Beladen von Leiterplatten, reduziert manuelle Eingriffe und optimiert den Arbeitsablauf. Das System unterst\u00fctzt eine Vielzahl von Leiterplattengr\u00f6\u00dfen und arbeitet stabil und besch\u00e4digungsfrei. Durch seine kompakte Bauweise l\u00e4sst es sich problemlos in bestehende SMT-Linien integrieren und ist somit die ideale L\u00f6sung f\u00fcr Elektronikhersteller, die zuverl\u00e4ssige und leistungsstarke Leiterplattenladesysteme suchen.<\/p>\n<p>Mindestbestellmenge: 1 St\u00fcck<\/p>\n<p>Lieferzeit: 15 Tage<\/p>","protected":false},"featured_media":22215,"comment_status":"closed","ping_status":"closed","template":"","meta":[],"etheme_brands":[],"product_brand":[],"product_cat":[144],"product_tag":[],"class_list":{"0":"post-22223","1":"product","2":"type-product","3":"status-publish","4":"has-post-thumbnail","6":"product_cat-pcb-handling-machine","8":"first","9":"instock","10":"shipping-taxable","11":"product-type-simple"},"_links":{"self":[{"href":"https:\/\/esmte.com\/de\/wp-json\/wp\/v2\/product\/22223","targetHints":{"allow":["GET"]}}],"collection":[{"href":"https:\/\/esmte.com\/de\/wp-json\/wp\/v2\/product"}],"about":[{"href":"https:\/\/esmte.com\/de\/wp-json\/wp\/v2\/types\/product"}],"replies":[{"embeddable":true,"href":"https:\/\/esmte.com\/de\/wp-json\/wp\/v2\/comments?post=22223"}],"version-history":[{"count":1,"href":"https:\/\/esmte.com\/de\/wp-json\/wp\/v2\/product\/22223\/revisions"}],"predecessor-version":[{"id":23762,"href":"https:\/\/esmte.com\/de\/wp-json\/wp\/v2\/product\/22223\/revisions\/23762"}],"wp:featuredmedia":[{"embeddable":true,"href":"https:\/\/esmte.com\/de\/wp-json\/wp\/v2\/media\/22215"}],"wp:attachment":[{"href":"https:\/\/esmte.com\/de\/wp-json\/wp\/v2\/media?parent=22223"}],"wp:term":[{"taxonomy":"brand","embeddable":true,"href":"https:\/\/esmte.com\/de\/wp-json\/wp\/v2\/etheme_brands?post=22223"},{"taxonomy":"product_brand","embeddable":true,"href":"https:\/\/esmte.com\/de\/wp-json\/wp\/v2\/product_brand?post=22223"},{"taxonomy":"product_cat","embeddable":true,"href":"https:\/\/esmte.com\/de\/wp-json\/wp\/v2\/product_cat?post=22223"},{"taxonomy":"product_tag","embeddable":true,"href":"https:\/\/esmte.com\/de\/wp-json\/wp\/v2\/product_tag?post=22223"}],"curies":[{"name":"wp","href":"https:\/\/api.w.org\/{rel}","templated":true}]}}