{"id":22213,"date":"2025-11-26T03:59:03","date_gmt":"2025-11-26T03:59:03","guid":{"rendered":"https:\/\/esmte.com\/?post_type=product&#038;p=22213"},"modified":"2026-01-14T04:06:43","modified_gmt":"2026-01-14T04:06:43","slug":"automatic-pcb-folding-loader","status":"publish","type":"product","link":"https:\/\/esmte.com\/de\/products\/automatic-pcb-folding-loader\/","title":{"rendered":"Automatic SMT PCB Folding Loader"},"content":{"rendered":"<h2 data-rm-block-id=\"block-1\">Einf\u00fchrung<\/h2>\n<p data-start=\"195\" data-end=\"518\">In der modernen Elektronikfertigung ist eine effiziente und pr\u00e4zise Leiterplattenhandhabung unerl\u00e4sslich, um eine hohe Produktivit\u00e4t und Produktqualit\u00e4t zu gew\u00e4hrleisten. <strong data-start=\"336\" data-end=\"368\">Automatic SMT PCB Folding Loader<\/strong> ist darauf ausgelegt, das Beladen von Leiterplatten in SMT-Produktionslinien zu optimieren und eine zuverl\u00e4ssige Automatisierung zu gew\u00e4hrleisten, die den manuellen Aufwand reduziert und einen reibungslosen Arbeitsablauf sicherstellt.<\/p>\n<p data-start=\"520\" data-end=\"852\">Der Lader verf\u00fcgt \u00fcber einen fortschrittlichen automatischen Faltmechanismus, der ein pr\u00e4zises und stabiles Beladen der Leiterplatten erm\u00f6glicht. Dadurch wird das Risiko von Besch\u00e4digungen minimiert, ein gleichbleibender Durchsatz gew\u00e4hrleistet und die Effizienz der gesamten Produktionslinie verbessert. Er ist mit einer Vielzahl von Leiterplattengr\u00f6\u00dfen kompatibel und bietet somit Flexibilit\u00e4t f\u00fcr unterschiedlichste Fertigungsanforderungen.<\/p>\n<p data-start=\"854\" data-end=\"1206\">Der automatische Leiterplatten-Faltlaster ist aus langlebigen Materialien gefertigt und verf\u00fcgt \u00fcber ein robustes Geh\u00e4use, das auch im Dauerbetrieb f\u00fcr stabile Leistung sorgt. Dank seiner kompakten Bauweise l\u00e4sst er sich problemlos in bestehende SMT-Linien integrieren, w\u00e4hrend die benutzerfreundliche Oberfl\u00e4che Bedienung und Wartung vereinfacht, Ausfallzeiten reduziert und die Produktionseffizienz steigert.<\/p>\n<p data-start=\"1208\" data-end=\"1480\">Durch die Umsetzung der <strong data-start=\"1228\" data-end=\"1260\">Automatic SMT PCB Folding Loader<\/strong>, Hersteller k\u00f6nnen damit reibungslosere Leiterplatten\u00fcberg\u00e4nge, einen h\u00f6heren Durchsatz und einen zuverl\u00e4ssigen Betrieb erzielen. Es ist die ideale L\u00f6sung f\u00fcr Elektronikfabriken, die pr\u00e4zise, leistungsstarke und effiziente Leiterplattenbest\u00fcckungsanlagen suchen.<\/p>\n<p data-rm-block-id=\"block-3\"><img loading=\"lazy\" decoding=\"async\" class=\"aligncenter wp-image-22214\" src=\"https:\/\/esmte.com\/wp-content\/uploads\/2025\/11\/11-2-scaled.webp\" alt=\"Automatic SMT PCB Folding Loader\" width=\"528\" height=\"528\" srcset=\"https:\/\/esmte.com\/wp-content\/uploads\/2025\/11\/11-2-scaled.webp 2560w, https:\/\/esmte.com\/wp-content\/uploads\/2025\/11\/11-2-scaled-100x100.webp 100w, https:\/\/esmte.com\/wp-content\/uploads\/2025\/11\/11-2-scaled-600x600.webp 600w, https:\/\/esmte.com\/wp-content\/uploads\/2025\/11\/11-2-300x300.webp 300w, https:\/\/esmte.com\/wp-content\/uploads\/2025\/11\/11-2-1024x1024.webp 1024w, https:\/\/esmte.com\/wp-content\/uploads\/2025\/11\/11-2-150x150.webp 150w, https:\/\/esmte.com\/wp-content\/uploads\/2025\/11\/11-2-768x768.webp 768w, https:\/\/esmte.com\/wp-content\/uploads\/2025\/11\/11-2-1536x1536.webp 1536w, https:\/\/esmte.com\/wp-content\/uploads\/2025\/11\/11-2-2048x2048.webp 2048w, https:\/\/esmte.com\/wp-content\/uploads\/2025\/11\/11-2-1x1.webp 1w, https:\/\/esmte.com\/wp-content\/uploads\/2025\/11\/11-2-10x10.webp 10w\" sizes=\"auto, (max-width: 528px) 100vw, 528px\" \/><\/p>\n<h3 data-rm-block-id=\"block-4\">Hauptmerkmale<\/h3>\n<ul class=\"auto-hide-last-sibling-br\">\n<li data-rm-block-id=\"block-5\">Bietet eine hohe Verarbeitungsgeschwindigkeit von bis zu 60 Leiterplatten pro Minute und optimiert so den Durchsatz f\u00fcr Produktionslinien mit hohem Leiterplattenvolumen.<\/li>\n<li data-rm-block-id=\"block-6\">Verf\u00fcgt \u00fcber eine Pr\u00e4zisionsausrichtungstechnologie auf Mikrometerebene, um eine gleichbleibende Faltgenauigkeit und eine besch\u00e4digungsfreie Handhabung der Leiterplatten zu gew\u00e4hrleisten.<\/li>\n<li data-rm-block-id=\"block-7\">Integriert adaptive Faltmechanismen, die sich automatisch an unterschiedliche Leiterplattengr\u00f6\u00dfen anpassen.<\/li>\n<li data-rm-block-id=\"block-8\">Unterst\u00fctzt sowohl starre Leiterplatten als auch flexible flexible Leiterplatten und eignet sich damit f\u00fcr vielf\u00e4ltige Anwendungen in der Elektronikfertigung.<\/li>\n<li data-rm-block-id=\"block-9\">Ausgestattet mit intelligenten Sensoren zur Positions\u00fcberwachung in Echtzeit, wodurch Fehlausrichtungen vermieden werden.<\/li>\n<li data-rm-block-id=\"block-10\">L\u00e4sst sich nahtlos mit SMT-Linien und Inline-Produktionssystemen synchronisieren, um Engp\u00e4sse im Arbeitsablauf zu reduzieren.<\/li>\n<\/ul>\n<p>&nbsp;<\/p>\n<h2 data-rm-block-id=\"block-12\">Spezifikationen<\/h2>\n<table style=\"border-collapse: collapse; width: 1382px; height: 111px;\" border=\"0\" width=\"462\" cellspacing=\"0\" cellpadding=\"0\">\n<tbody>\n<tr style=\"height: 15.75pt;\">\n<td class=\"et2\" style=\"height: 15.75pt; width: 90pt; text-align: center;\" width=\"120\" height=\"21\" data-rm-block-id=\"block-13\">Modell<\/td>\n<td class=\"et3\" style=\"width: 138pt; text-align: center;\" width=\"184\" data-rm-block-id=\"block-14\">YFL-M855<\/td>\n<td class=\"et4\" style=\"width: 118.5pt; text-align: center;\" width=\"158\" data-rm-block-id=\"block-15\">YFL-L995<\/td>\n<\/tr>\n<tr style=\"height: 15.75pt;\">\n<td class=\"et5\" style=\"height: 15.75pt; width: 90pt; text-align: center;\" width=\"120\" height=\"21\" data-rm-block-id=\"block-16\">Abmessung (mm)<\/td>\n<td class=\"et6\" style=\"width: 138pt; text-align: center;\" width=\"184\" data-rm-block-id=\"block-17\">1850*855*1250<\/td>\n<td class=\"et7\" style=\"width: 118.5pt; text-align: center;\" width=\"158\" data-rm-block-id=\"block-18\">2320*995*1250<\/td>\n<\/tr>\n<tr style=\"height: 15.75pt;\">\n<td class=\"et5\" style=\"height: 15.75pt; width: 90pt; text-align: center;\" width=\"120\" height=\"21\" data-rm-block-id=\"block-19\">Leiterplattengr\u00f6\u00dfe (mm)<\/td>\n<td class=\"et6\" style=\"width: 138pt; text-align: center;\" width=\"184\" data-rm-block-id=\"block-20\">50*80-330*250<\/td>\n<td class=\"et7\" style=\"width: 118.5pt; text-align: center;\" width=\"158\" data-rm-block-id=\"block-21\">50*80-460*390<\/td>\n<\/tr>\n<tr style=\"height: 15.75pt;\">\n<td class=\"et5\" style=\"height: 15.75pt; width: 90pt; text-align: center;\" width=\"120\" height=\"21\" data-rm-block-id=\"block-22\">PCB-Kapazit\u00e4t<\/td>\n<td class=\"et6\" style=\"width: 256.5pt; text-align: center;\" colspan=\"2\" width=\"342\" data-rm-block-id=\"block-23\">400 St\u00fcck (0,6 mm dicke Leiterplatte)<\/td>\n<\/tr>\n<tr style=\"height: 15.75pt;\">\n<td class=\"et5\" style=\"height: 15.75pt; width: 90pt; text-align: center;\" width=\"120\" height=\"21\" data-rm-block-id=\"block-24\">Steuerungssystem<\/td>\n<td class=\"et6\" style=\"width: 256.5pt; text-align: center;\" colspan=\"2\" width=\"342\" data-rm-block-id=\"block-25\">SPS<\/td>\n<\/tr>\n<tr style=\"height: 15.75pt;\">\n<td class=\"et5\" style=\"height: 15.75pt; width: 90pt; text-align: center;\" width=\"120\" height=\"21\" data-rm-block-id=\"block-26\">Stromversorgung<\/td>\n<td class=\"et6\" style=\"width: 256.5pt; text-align: center;\" colspan=\"2\" width=\"342\" data-rm-block-id=\"block-27\">1-phasig Wechselstrom 220 V 50\/60 Hz (Option: 110 V bis 380 V)<\/td>\n<\/tr>\n<tr style=\"height: 15.75pt;\">\n<td class=\"et8\" style=\"height: 15.75pt; width: 90pt; text-align: center;\" width=\"120\" height=\"21\" data-rm-block-id=\"block-28\">Gewicht<\/td>\n<td class=\"et9\" style=\"width: 138pt; text-align: center;\" width=\"184\" data-rm-block-id=\"block-29\">200 kg<\/td>\n<td class=\"et10\" style=\"width: 118.5pt; text-align: center;\" width=\"158\" data-rm-block-id=\"block-30\">260 kg<\/td>\n<\/tr>\n<\/tbody>\n<\/table>\n<p data-rm-block-id=\"block-32\"><a href=\"https:\/\/www.youtube.com\/@allaismt\" rel=\"nofollow noopener\" target=\"_blank\"><u>https:\/\/www.youtube.com\/@allaismt<\/u><\/a><\/p>\n<p data-rm-block-id=\"block-33\">For more information about the <strong>Automatic SMT PCB Folding Loader<\/strong>, Bitte senden Sie eine E-Mail an<\/p>\n<p data-rm-block-id=\"block-34\"><a href=\"mailto:sophia@allaismt.com\"><u>sophia@allaismt.com<\/u><\/a><\/p>\n<p data-rm-block-id=\"block-35\">Wir werden Ihre Anfrage umgehend beantworten und Ihnen detaillierte Informationen \u00fcber unsere Produkte und Dienstleistungen zukommen lassen.<\/p>","protected":false},"excerpt":{"rendered":"<p>Beschreibung: Die <strong data-start=\"92\" data-end=\"124\">Automatic SMT PCB Folding Loader<\/strong> ist ein hocheffizientes Ladesystem f\u00fcr SMT-Fertigungslinien. Es verf\u00fcgt \u00fcber einen fortschrittlichen automatischen Faltmechanismus, der ein reibungsloses, pr\u00e4zises und zuverl\u00e4ssiges Beladen der Leiterplatten gew\u00e4hrleistet, manuelle Eingriffe reduziert und die Workflow-Effizienz steigert. Das System ist mit verschiedenen Leiterplattengr\u00f6\u00dfen kompatibel und bietet einen stabilen, besch\u00e4digungsfreien Betrieb. Dank seiner kompakten Bauweise l\u00e4sst es sich problemlos in bestehende SMT-Linien integrieren und ist somit die ideale L\u00f6sung f\u00fcr Elektronikhersteller, die zuverl\u00e4ssige und leistungsstarke Leiterplattenladesysteme suchen.<\/p>\n<p>Mindestbestellmenge: 1 St\u00fcck<\/p>\n<p>Lieferzeit: 15 Tage<\/p>","protected":false},"featured_media":22215,"comment_status":"closed","ping_status":"closed","template":"","meta":[],"etheme_brands":[],"product_brand":[],"product_cat":[144],"product_tag":[],"class_list":{"0":"post-22213","1":"product","2":"type-product","3":"status-publish","4":"has-post-thumbnail","6":"product_cat-pcb-handling-machine","8":"first","9":"instock","10":"shipping-taxable","11":"product-type-simple"},"_links":{"self":[{"href":"https:\/\/esmte.com\/de\/wp-json\/wp\/v2\/product\/22213","targetHints":{"allow":["GET"]}}],"collection":[{"href":"https:\/\/esmte.com\/de\/wp-json\/wp\/v2\/product"}],"about":[{"href":"https:\/\/esmte.com\/de\/wp-json\/wp\/v2\/types\/product"}],"replies":[{"embeddable":true,"href":"https:\/\/esmte.com\/de\/wp-json\/wp\/v2\/comments?post=22213"}],"version-history":[{"count":1,"href":"https:\/\/esmte.com\/de\/wp-json\/wp\/v2\/product\/22213\/revisions"}],"predecessor-version":[{"id":23811,"href":"https:\/\/esmte.com\/de\/wp-json\/wp\/v2\/product\/22213\/revisions\/23811"}],"wp:featuredmedia":[{"embeddable":true,"href":"https:\/\/esmte.com\/de\/wp-json\/wp\/v2\/media\/22215"}],"wp:attachment":[{"href":"https:\/\/esmte.com\/de\/wp-json\/wp\/v2\/media?parent=22213"}],"wp:term":[{"taxonomy":"brand","embeddable":true,"href":"https:\/\/esmte.com\/de\/wp-json\/wp\/v2\/etheme_brands?post=22213"},{"taxonomy":"product_brand","embeddable":true,"href":"https:\/\/esmte.com\/de\/wp-json\/wp\/v2\/product_brand?post=22213"},{"taxonomy":"product_cat","embeddable":true,"href":"https:\/\/esmte.com\/de\/wp-json\/wp\/v2\/product_cat?post=22213"},{"taxonomy":"product_tag","embeddable":true,"href":"https:\/\/esmte.com\/de\/wp-json\/wp\/v2\/product_tag?post=22213"}],"curies":[{"name":"wp","href":"https:\/\/api.w.org\/{rel}","templated":true}]}}