{"id":22142,"date":"2025-11-25T06:42:57","date_gmt":"2025-11-25T06:42:57","guid":{"rendered":"https:\/\/esmte.com\/?post_type=product&#038;p=22142"},"modified":"2025-11-27T09:43:07","modified_gmt":"2025-11-27T09:43:07","slug":"efficient-smt-pcb-lift-conveyor-ysc-1000","status":"publish","type":"product","link":"https:\/\/esmte.com\/de\/products\/efficient-smt-pcb-lift-conveyor-ysc-1000\/","title":{"rendered":"SMT PCB Lift Conveyor YSC-1000"},"content":{"rendered":"<h2 data-start=\"1269\" data-end=\"1754\">Einf\u00fchrung<\/h2>\n<p data-start=\"197\" data-end=\"560\">In modern electronics manufacturing, smooth and precise movement of PCBs across different production stages is crucial for maintaining high productivity and product quality. The <strong data-start=\"375\" data-end=\"409\">SMT PCB Lift Conveyor YSC-1000<\/strong> is designed to provide reliable vertical transfer of PCBs within SMT production lines, ensuring stable workflow and enhanced operational efficiency.<\/p>\n<p data-start=\"562\" data-end=\"970\">The YSC-1000 enables seamless movement of PCBs between different conveyor levels, offering accurate and controlled handling throughout the transfer process. Its robust construction and dependable drive system minimize the risk of board damage, ensuring consistent and uninterrupted production. The conveyor accommodates a wide range of PCB sizes, making it versatile for various manufacturing requirements.<\/p>\n<p data-start=\"972\" data-end=\"1236\">Die robuste und benutzerfreundliche YSC-2000 zeichnet sich durch ihr kompaktes Design aus, das eine einfache Integration in bestehende SMT-Linien erm\u00f6glicht. Ihre intuitive Bedienung und der geringe Wartungsaufwand tragen dazu bei, Ausfallzeiten zu reduzieren, Produktionsprozesse zu optimieren und die Gesamteffizienz der Linie zu steigern.<\/p>\n<p data-start=\"1238\" data-end=\"1550\">Durch die Umsetzung der <strong data-start=\"1258\" data-end=\"1292\">SMT PCB Lift Conveyor YSC-1000<\/strong>, Hersteller k\u00f6nnen so reibungslosere Leiterplatten\u00fcberg\u00e4nge, eine h\u00f6here Produktionseffizienz und eine sicherere Handhabung empfindlicher Leiterplatten erreichen. Es ist eine unverzichtbare L\u00f6sung f\u00fcr Elektronikfabriken, die pr\u00e4zise, zuverl\u00e4ssige und leistungsstarke vertikale Leiterplattentransferanlagen suchen.<\/p>\n<p data-start=\"1269\" data-end=\"1754\"><img loading=\"lazy\" decoding=\"async\" class=\"aligncenter wp-image-22120 size-full\" src=\"https:\/\/esmte.com\/wp-content\/uploads\/2025\/11\/A.webp\" alt=\"Efficient SMT Conveyor System with PCB Lift for Continuous PCB Flow\" width=\"391\" height=\"391\" srcset=\"https:\/\/esmte.com\/wp-content\/uploads\/2025\/11\/A.webp 391w, https:\/\/esmte.com\/wp-content\/uploads\/2025\/11\/A-100x100.webp 100w, https:\/\/esmte.com\/wp-content\/uploads\/2025\/11\/A-300x300.webp 300w, https:\/\/esmte.com\/wp-content\/uploads\/2025\/11\/A-150x150.webp 150w, https:\/\/esmte.com\/wp-content\/uploads\/2025\/11\/A-1x1.webp 1w, https:\/\/esmte.com\/wp-content\/uploads\/2025\/11\/A-10x10.webp 10w\" sizes=\"auto, (max-width: 391px) 100vw, 391px\" \/><\/p>\n<h3 data-start=\"1269\" data-end=\"1754\">Hauptmerkmale<\/h3>\n<ul>\n<li data-start=\"1407\" data-end=\"1467\">\n<p data-start=\"1409\" data-end=\"1467\">Fully automated lifting cycle for hands-free PCB routing<\/p>\n<\/li>\n<li data-start=\"1468\" data-end=\"1522\">\n<p data-start=\"1470\" data-end=\"1522\">Noise-reduced motor for stable and quiet operation<\/p>\n<\/li>\n<li data-start=\"1523\" data-end=\"1582\">\n<p data-start=\"1525\" data-end=\"1582\">Heavy-duty structure suitable for industrial SMT plants<\/p>\n<\/li>\n<li data-start=\"1583\" data-end=\"1636\">\n<p data-start=\"1585\" data-end=\"1636\">Ensures smooth PCB entry and exit without jamming<\/p>\n<\/li>\n<li data-start=\"1637\" data-end=\"1690\">\n<p data-start=\"1639\" data-end=\"1690\">Enhances line flexibility and layout optimization<\/p>\n<\/li>\n<\/ul>\n<p>&nbsp;<\/p>\n<h2 data-start=\"1269\" data-end=\"1754\">Spezifikationen<\/h2>\n<table style=\"height: 153px;\" width=\"1382\">\n<tbody>\n<tr>\n<td style=\"text-align: center;\" width=\"111\">Modell<\/td>\n<td style=\"text-align: center;\" width=\"99\">YSC-500<\/td>\n<td style=\"text-align: center;\" width=\"101\">YSC-600<\/td>\n<td style=\"text-align: center;\" width=\"107\">YSC-1000<\/td>\n<td style=\"text-align: center;\" width=\"107\">YSC-1200<\/td>\n<td style=\"text-align: center;\" width=\"110\">YSC-1500<\/td>\n<td style=\"text-align: center;\" width=\"107\">YSC-2000<\/td>\n<\/tr>\n<tr>\n<td style=\"text-align: center;\" width=\"111\">Schienenl\u00e4nge<\/td>\n<td style=\"text-align: center;\" width=\"99\">500 mm<\/td>\n<td style=\"text-align: center;\" width=\"101\">600 mm<\/td>\n<td style=\"text-align: center;\" width=\"107\">1000 mm<\/td>\n<td style=\"text-align: center;\" width=\"107\">1200 mm<\/td>\n<td style=\"text-align: center;\" width=\"110\">1500 mm<\/td>\n<td style=\"text-align: center;\" width=\"107\">2000 mm<\/td>\n<\/tr>\n<tr>\n<td style=\"text-align: center;\" width=\"111\">Abmessung (mm)<\/td>\n<td style=\"text-align: center;\" width=\"99\">500*700*950<\/td>\n<td style=\"text-align: center;\" width=\"101\">600*700*950<\/td>\n<td style=\"text-align: center;\" width=\"107\">1000*700*950<\/td>\n<td style=\"text-align: center;\" width=\"107\">1200*700*950<\/td>\n<td style=\"text-align: center;\" width=\"110\">1500*700*950<\/td>\n<td style=\"text-align: center;\" width=\"107\">2000*700*950<\/td>\n<\/tr>\n<tr>\n<td style=\"text-align: center;\" width=\"111\">Leiterplattenbreite<\/td>\n<td style=\"text-align: center;\" colspan=\"6\" width=\"631\">50 bis 350 mm<\/td>\n<\/tr>\n<tr>\n<td style=\"text-align: center;\" width=\"111\">Stromversorgung<\/td>\n<td style=\"text-align: center;\" colspan=\"6\" width=\"631\">1-phasig Wechselstrom 220 V 50\/60 Hz (Option: 110 V bis 380 V)<\/td>\n<\/tr>\n<tr>\n<td style=\"text-align: center;\" width=\"111\">Gewicht<\/td>\n<td style=\"text-align: center;\" width=\"99\">50 kg<\/td>\n<td style=\"text-align: center;\" width=\"101\">50 kg<\/td>\n<td style=\"text-align: center;\" width=\"107\">55 kg<\/td>\n<td style=\"text-align: center;\" width=\"107\">85 kg<\/td>\n<td style=\"text-align: center;\" width=\"110\">125 kg<\/td>\n<td style=\"text-align: center;\" width=\"107\">150 kg<\/td>\n<\/tr>\n<\/tbody>\n<\/table>\n<p>&nbsp;<\/p>\n<p><a href=\"https:\/\/www.youtube.com\/@allaismt\" rel=\"nofollow noopener\" target=\"_blank\"><u>https:\/\/www.youtube.com\/@allaismt<\/u><\/a><\/p>\n<p>F\u00fcr weitere Informationen zum SMT-Leiterplatten-Liftf\u00f6rderer YSC-2000 senden Sie bitte eine E-Mail an<\/p>\n<p><a href=\"mailto:sophia@allaismt.com\"><u>sophia@allaismt.com<\/u><\/a><\/p>\n<p>Wir werden Ihre Anfrage umgehend beantworten und Ihnen detaillierte Informationen \u00fcber unsere Produkte und Dienstleistungen zukommen lassen.<\/p>\n<p>&nbsp;<\/p>","protected":false},"excerpt":{"rendered":"<p>Beschreibung: Die <strong data-start=\"94\" data-end=\"128\">SMT PCB Lift Conveyor YSC-1000<\/strong> Verbessert die Linienflexibilit\u00e4t und Layoutoptimierung.<\/p>\n<p>Mindestbestellmenge: 1 St\u00fcck<\/p>\n<p>Lieferzeit: 15 Tage<\/p>","protected":false},"featured_media":22146,"comment_status":"closed","ping_status":"closed","template":"","meta":[],"etheme_brands":[],"product_brand":[],"product_cat":[144],"product_tag":[],"class_list":{"0":"post-22142","1":"product","2":"type-product","3":"status-publish","4":"has-post-thumbnail","6":"product_cat-pcb-handling-machine","8":"first","9":"instock","10":"shipping-taxable","11":"product-type-simple"},"_links":{"self":[{"href":"https:\/\/esmte.com\/de\/wp-json\/wp\/v2\/product\/22142","targetHints":{"allow":["GET"]}}],"collection":[{"href":"https:\/\/esmte.com\/de\/wp-json\/wp\/v2\/product"}],"about":[{"href":"https:\/\/esmte.com\/de\/wp-json\/wp\/v2\/types\/product"}],"replies":[{"embeddable":true,"href":"https:\/\/esmte.com\/de\/wp-json\/wp\/v2\/comments?post=22142"}],"version-history":[{"count":1,"href":"https:\/\/esmte.com\/de\/wp-json\/wp\/v2\/product\/22142\/revisions"}],"predecessor-version":[{"id":22367,"href":"https:\/\/esmte.com\/de\/wp-json\/wp\/v2\/product\/22142\/revisions\/22367"}],"wp:featuredmedia":[{"embeddable":true,"href":"https:\/\/esmte.com\/de\/wp-json\/wp\/v2\/media\/22146"}],"wp:attachment":[{"href":"https:\/\/esmte.com\/de\/wp-json\/wp\/v2\/media?parent=22142"}],"wp:term":[{"taxonomy":"brand","embeddable":true,"href":"https:\/\/esmte.com\/de\/wp-json\/wp\/v2\/etheme_brands?post=22142"},{"taxonomy":"product_brand","embeddable":true,"href":"https:\/\/esmte.com\/de\/wp-json\/wp\/v2\/product_brand?post=22142"},{"taxonomy":"product_cat","embeddable":true,"href":"https:\/\/esmte.com\/de\/wp-json\/wp\/v2\/product_cat?post=22142"},{"taxonomy":"product_tag","embeddable":true,"href":"https:\/\/esmte.com\/de\/wp-json\/wp\/v2\/product_tag?post=22142"}],"curies":[{"name":"wp","href":"https:\/\/api.w.org\/{rel}","templated":true}]}}