{"id":22119,"date":"2025-11-25T08:19:47","date_gmt":"2025-11-25T08:19:47","guid":{"rendered":"https:\/\/esmte.com\/?post_type=product&#038;p=22119"},"modified":"2025-11-28T02:25:30","modified_gmt":"2025-11-28T02:25:30","slug":"smt-pcb-lift-conveyor-ysc-500","status":"publish","type":"product","link":"https:\/\/esmte.com\/de\/products\/smt-pcb-lift-conveyor-ysc-500\/","title":{"rendered":"SMT F\u00f6rderband \u00dcbertragungs PCB Hubf\u00f6rderer YSC-600"},"content":{"rendered":"<h2 data-rm-block-id=\"block-1\">Einf\u00fchrung<\/h2>\n<p data-start=\"239\" data-end=\"622\">Steigert die Effizienz des Arbeitsablaufs und reduziert manuelle Arbeit <strong data-start=\"421\" data-end=\"476\">SMT F\u00f6rderband \u00dcbertragungs PCB Hubf\u00f6rderer YSC-600<\/strong> is designed to provide efficient vertical transfer of PCBs within SMT production lines, ensuring smooth workflow and enhanced line flexibility.<\/p>\n<p data-start=\"624\" data-end=\"1015\">The YSC-500 enables PCBs to move seamlessly between conveyor levels, offering stable and accurate handling throughout the transfer process. Its robust construction and dependable drive system reduce the risk of board damage, supporting consistent and uninterrupted production. The conveyor accommodates a wide range of PCB sizes, making it versatile for various manufacturing requirements.<\/p>\n<p data-start=\"1017\" data-end=\"1285\">Durable and user-friendly, the YSC-600 features a compact footprint that allows easy integration into existing SMT lines. Its intuitive operation and low-maintenance structure help minimize downtime, streamline production processes, and improve overall line efficiency.<\/p>\n<p data-start=\"1287\" data-end=\"1620\">Durch die Umsetzung der <strong data-start=\"1307\" data-end=\"1362\">SMT F\u00f6rderband \u00dcbertragungs PCB Hubf\u00f6rderer YSC-600<\/strong>, Hersteller k\u00f6nnen so reibungslosere Leiterplatten\u00fcberg\u00e4nge, eine h\u00f6here Produktionseffizienz und eine sicherere Handhabung empfindlicher Leiterplatten erreichen. Es ist eine unverzichtbare L\u00f6sung f\u00fcr Elektronikfabriken, die pr\u00e4zise, zuverl\u00e4ssige und leistungsstarke vertikale Leiterplattentransferanlagen suchen.<\/p>\n<p data-start=\"1287\" data-end=\"1620\">\n<p data-rm-block-id=\"block-3\"><img loading=\"lazy\" decoding=\"async\" class=\"aligncenter wp-image-22120 size-full\" src=\"https:\/\/esmte.com\/wp-content\/uploads\/2025\/11\/A.webp\" alt=\"SMT Conveyor Transmission PCB Lift Conveyor YSC-600\" width=\"391\" height=\"391\" srcset=\"https:\/\/esmte.com\/wp-content\/uploads\/2025\/11\/A.webp 391w, https:\/\/esmte.com\/wp-content\/uploads\/2025\/11\/A-100x100.webp 100w, https:\/\/esmte.com\/wp-content\/uploads\/2025\/11\/A-300x300.webp 300w, https:\/\/esmte.com\/wp-content\/uploads\/2025\/11\/A-150x150.webp 150w, https:\/\/esmte.com\/wp-content\/uploads\/2025\/11\/A-1x1.webp 1w, https:\/\/esmte.com\/wp-content\/uploads\/2025\/11\/A-10x10.webp 10w\" sizes=\"auto, (max-width: 391px) 100vw, 391px\" \/><\/p>\n<p data-rm-block-id=\"block-3\">\n<h3 data-rm-block-id=\"block-4\">Hauptmerkmale<\/h3>\n<ul>\n<li data-start=\"277\" data-end=\"347\" data-rm-block-id=\"block-5\">Supports automated SMT PCB transmission across multi-level SMT equipment<\/li>\n<li data-start=\"350\" data-end=\"409\" data-rm-block-id=\"block-6\">Stable lifting platform ensures accurate height alignment<\/li>\n<li data-start=\"412\" data-end=\"466\" data-rm-block-id=\"block-7\">Smooth conveyor belt for vibration-free SMT PCB handling<\/li>\n<li data-start=\"469\" data-end=\"529\" data-rm-block-id=\"block-8\">Compatible with various SMT production line configurations<\/li>\n<li data-start=\"532\" data-end=\"587\" data-rm-block-id=\"block-9\">Enhances workflow efficiency and reduces manual labor<\/li>\n<\/ul>\n<p>&nbsp;<\/p>\n<h2 data-rm-block-id=\"block-10\">Spezifikationen<\/h2>\n<table style=\"height: 124px;\" width=\"1372\">\n<tbody>\n<tr>\n<td style=\"text-align: center;\" width=\"111\" data-rm-block-id=\"block-11\">Modell<\/td>\n<td style=\"text-align: center;\" width=\"99\" data-rm-block-id=\"block-12\">YSC-500<\/td>\n<td style=\"text-align: center;\" width=\"101\" data-rm-block-id=\"block-13\">YSC-600<\/td>\n<td style=\"text-align: center;\" width=\"107\" data-rm-block-id=\"block-14\">YSC-1000<\/td>\n<td style=\"text-align: center;\" width=\"107\" data-rm-block-id=\"block-15\">YSC-1200<\/td>\n<td style=\"text-align: center;\" width=\"110\" data-rm-block-id=\"block-16\">YSC-1500<\/td>\n<td style=\"text-align: center;\" width=\"107\" data-rm-block-id=\"block-17\">YSC-2000<\/td>\n<\/tr>\n<tr>\n<td style=\"text-align: center;\" width=\"111\" data-rm-block-id=\"block-18\">Schienenl\u00e4nge<\/td>\n<td style=\"text-align: center;\" width=\"99\" data-rm-block-id=\"block-19\">500 mm<\/td>\n<td style=\"text-align: center;\" width=\"101\" data-rm-block-id=\"block-20\">600 mm<\/td>\n<td style=\"text-align: center;\" width=\"107\" data-rm-block-id=\"block-21\">1000 mm<\/td>\n<td style=\"text-align: center;\" width=\"107\" data-rm-block-id=\"block-22\">1200 mm<\/td>\n<td style=\"text-align: center;\" width=\"110\" data-rm-block-id=\"block-23\">1500 mm<\/td>\n<td style=\"text-align: center;\" width=\"107\" data-rm-block-id=\"block-24\">2000 mm<\/td>\n<\/tr>\n<tr>\n<td style=\"text-align: center;\" width=\"111\" data-rm-block-id=\"block-25\">Abmessung (mm)<\/td>\n<td style=\"text-align: center;\" width=\"99\" data-rm-block-id=\"block-26\">500*700*950<\/td>\n<td style=\"text-align: center;\" width=\"101\" data-rm-block-id=\"block-27\">600*700*950<\/td>\n<td style=\"text-align: center;\" width=\"107\" data-rm-block-id=\"block-28\">1000*700*950<\/td>\n<td style=\"text-align: center;\" width=\"107\" data-rm-block-id=\"block-29\">1200*700*950<\/td>\n<td style=\"text-align: center;\" width=\"110\" data-rm-block-id=\"block-30\">1500*700*950<\/td>\n<td style=\"text-align: center;\" width=\"107\" data-rm-block-id=\"block-31\">2000*700*950<\/td>\n<\/tr>\n<tr>\n<td style=\"text-align: center;\" width=\"111\" data-rm-block-id=\"block-32\">Leiterplattenbreite<\/td>\n<td style=\"text-align: center;\" colspan=\"6\" width=\"631\" data-rm-block-id=\"block-33\">50 bis 350 mm<\/td>\n<\/tr>\n<tr>\n<td style=\"text-align: center;\" width=\"111\" data-rm-block-id=\"block-34\">Stromversorgung<\/td>\n<td style=\"text-align: center;\" colspan=\"6\" width=\"631\" data-rm-block-id=\"block-35\">1-phasig Wechselstrom 220 V 50\/60 Hz (Option: 110 V bis 380 V)<\/td>\n<\/tr>\n<tr>\n<td style=\"text-align: center;\" width=\"111\" data-rm-block-id=\"block-36\">Gewicht<\/td>\n<td style=\"text-align: center;\" width=\"99\" data-rm-block-id=\"block-37\">50 kg<\/td>\n<td style=\"text-align: center;\" width=\"101\" data-rm-block-id=\"block-38\">50 kg<\/td>\n<td style=\"text-align: center;\" width=\"107\" data-rm-block-id=\"block-39\">55 kg<\/td>\n<td style=\"text-align: center;\" width=\"107\" data-rm-block-id=\"block-40\">85 kg<\/td>\n<td style=\"text-align: center;\" width=\"110\" data-rm-block-id=\"block-41\">125 kg<\/td>\n<td style=\"text-align: center;\" width=\"107\" data-rm-block-id=\"block-42\">150 kg<\/td>\n<\/tr>\n<\/tbody>\n<\/table>\n<p data-rm-block-id=\"block-43\">\n<p data-rm-block-id=\"block-43\"><a href=\"https:\/\/www.youtube.com\/@allaismt\" rel=\"nofollow noopener\" target=\"_blank\"><u>https:\/\/www.youtube.com\/@allaismt<\/u><\/a><\/p>\n<p data-rm-block-id=\"block-44\">F\u00fcr weitere Informationen zum SMT-Leiterplatten-Liftf\u00f6rderer YSC-2000 senden Sie bitte eine E-Mail an<\/p>\n<p data-rm-block-id=\"block-45\"><a href=\"mailto:sophia@allaismt.com\"><u>sophia@allaismt.com<\/u><\/a><\/p>\n<p data-rm-block-id=\"block-46\">Wir werden Ihre Anfrage umgehend beantworten und Ihnen detaillierte Informationen \u00fcber unsere Produkte und Dienstleistungen zukommen lassen.<\/p>","protected":false},"excerpt":{"rendered":"<p>Beschreibung: Die <strong data-start=\"115\" data-end=\"170\">SMT F\u00f6rderband \u00dcbertragungs PCB Hubf\u00f6rderer YSC-600<\/strong> Das YSC-2000 ist ein hocheffizientes Hebe- und Transportsystem f\u00fcr SMT-Fertigungslinien. Es erm\u00f6glicht den reibungslosen vertikalen Transport von Leiterplatten zwischen verschiedenen F\u00f6rderbandebenen und gew\u00e4hrleistet so ein stabiles und pr\u00e4zises Handling. Dank seiner robusten Konstruktion und des zuverl\u00e4ssigen Antriebssystems minimiert das YSC-2000 das Risiko von Leiterplattenbesch\u00e4digungen und sorgt f\u00fcr einen kontinuierlichen Produktionsablauf. Seine kompakte Bauweise erm\u00f6glicht die einfache Integration in bestehende SMT-Linien und verbessert so die Produktionseffizienz und Linienflexibilit\u00e4t.<\/p>\n<p>Mindestbestellmenge: 1 St\u00fcck<\/p>\n<p>Lieferzeit: 15 Tage<\/p>","protected":false},"featured_media":22121,"comment_status":"closed","ping_status":"closed","template":"","meta":[],"etheme_brands":[],"product_brand":[],"product_cat":[144],"product_tag":[],"class_list":{"0":"post-22119","1":"product","2":"type-product","3":"status-publish","4":"has-post-thumbnail","6":"product_cat-pcb-handling-machine","8":"first","9":"instock","10":"shipping-taxable","11":"product-type-simple"},"_links":{"self":[{"href":"https:\/\/esmte.com\/de\/wp-json\/wp\/v2\/product\/22119","targetHints":{"allow":["GET"]}}],"collection":[{"href":"https:\/\/esmte.com\/de\/wp-json\/wp\/v2\/product"}],"about":[{"href":"https:\/\/esmte.com\/de\/wp-json\/wp\/v2\/types\/product"}],"replies":[{"embeddable":true,"href":"https:\/\/esmte.com\/de\/wp-json\/wp\/v2\/comments?post=22119"}],"version-history":[{"count":1,"href":"https:\/\/esmte.com\/de\/wp-json\/wp\/v2\/product\/22119\/revisions"}],"predecessor-version":[{"id":22384,"href":"https:\/\/esmte.com\/de\/wp-json\/wp\/v2\/product\/22119\/revisions\/22384"}],"wp:featuredmedia":[{"embeddable":true,"href":"https:\/\/esmte.com\/de\/wp-json\/wp\/v2\/media\/22121"}],"wp:attachment":[{"href":"https:\/\/esmte.com\/de\/wp-json\/wp\/v2\/media?parent=22119"}],"wp:term":[{"taxonomy":"brand","embeddable":true,"href":"https:\/\/esmte.com\/de\/wp-json\/wp\/v2\/etheme_brands?post=22119"},{"taxonomy":"product_brand","embeddable":true,"href":"https:\/\/esmte.com\/de\/wp-json\/wp\/v2\/product_brand?post=22119"},{"taxonomy":"product_cat","embeddable":true,"href":"https:\/\/esmte.com\/de\/wp-json\/wp\/v2\/product_cat?post=22119"},{"taxonomy":"product_tag","embeddable":true,"href":"https:\/\/esmte.com\/de\/wp-json\/wp\/v2\/product_tag?post=22119"}],"curies":[{"name":"wp","href":"https:\/\/api.w.org\/{rel}","templated":true}]}}