{"id":12483,"date":"2024-02-08T02:28:24","date_gmt":"2024-02-08T02:28:24","guid":{"rendered":"https:\/\/www.aismtpro.com\/?post_type=product&#038;p=12483"},"modified":"2024-06-19T15:34:10","modified_gmt":"2024-06-19T15:34:10","slug":"xxx-high-speed-chip-mounter","status":"publish","type":"product","link":"https:\/\/esmte.com\/de\/products\/xxx-high-speed-chip-mounter\/","title":{"rendered":"XXX Hochgeschwindigkeits-Chip-Best\u00fcckungsautomat"},"content":{"rendered":"<p class=\"whitespace-pre-wrap break-words\">Hier sind einige g\u00e4ngige Typen:<\/p>\n<ol class=\"-mt-1 list-decimal space-y-2 pl-8\">\n<li class=\"whitespace-normal break-words\">Kartesischer Best\u00fcckungsautomat: Dieser Best\u00fcckungsautomat nutzt ein kartesisches Koordinatensystem (X-, Y- und Z-Achse) zur Bewegung des Best\u00fcckungskopfes. Er eignet sich f\u00fcr hochpr\u00e4zise Anwendungen und kann eine Vielzahl von Bauteilgr\u00f6\u00dfen und -typen verarbeiten.<\/li>\n<li class=\"whitespace-normal break-words\">Portal-Best\u00fcckungsautomaten: Portal-Best\u00fcckungsautomaten verf\u00fcgen \u00fcber ein obenliegendes Portalsystem, das den Best\u00fcckungskopf tr\u00e4gt. Sie bieten einen gr\u00f6\u00dferen Arbeitsbereich und k\u00f6nnen gr\u00f6\u00dfere Leiterplatten oder Bauteile bearbeiten.<\/li>\n<li class=\"whitespace-normal break-words\">SCARA-Chipbest\u00fcckungsautomat (Selective Compliance Articulated Robot Arm): SCARA-Chipbest\u00fcckungsautomaten verwenden einen Roboterarm mit horizontaler Gelenkkonstruktion. Sie zeichnen sich durch hohe Geschwindigkeit, Genauigkeit und kompakte Bauweise aus und eignen sich daher f\u00fcr Produktionslinien mit hohem Durchsatz.<\/li>\n<li class=\"whitespace-normal break-words\">Inline-Chipbest\u00fcckungsautomaten: Inline-Chipbest\u00fcckungsautomaten sind f\u00fcr die Integration in Produktionslinien konzipiert. Die Bauteile werden auf die Leiterplatten platziert, w\u00e4hrend diese sich entlang eines F\u00f6rdersystems bewegen. Sie eignen sich f\u00fcr die kontinuierliche Serienfertigung.<\/li>\n<li class=\"whitespace-normal break-words\">Mehrkopf-Chipbest\u00fcckungsautomat: Wie der Name schon sagt, verf\u00fcgen Mehrkopf-Chipbest\u00fcckungsautomaten \u00fcber mehrere Best\u00fcckungsk\u00f6pfe, die es erm\u00f6glichen, mehrere Bauteile gleichzeitig auf einer Leiterplatte zu platzieren. Diese Bauweise erh\u00f6ht den Durchsatz und die Produktionseffizienz.<\/li>\n<li class=\"whitespace-normal break-words\">Hochgeschwindigkeits-Chipbest\u00fcckungsautomaten: Hochgeschwindigkeits-Chipbest\u00fcckungsautomaten sind auf maximalen Durchsatz ausgelegt und werden h\u00e4ufig in Produktionsumgebungen mit hohem Durchsatz eingesetzt. Sie verf\u00fcgen typischerweise \u00fcber mehrere Best\u00fcckungsk\u00f6pfe und fortschrittliche Bildverarbeitungssysteme f\u00fcr die pr\u00e4zise Bauteilplatzierung.<\/li>\n<li class=\"whitespace-normal break-words\">Hybrid-Best\u00fcckungsautomaten: Hybrid-Best\u00fcckungsautomaten kombinieren verschiedene Best\u00fcckungstechnologien wie kartesische und SCARA-Best\u00fcckung in einer einzigen Maschine. Dadurch k\u00f6nnen sie eine breite Palette von Bauteilgr\u00f6\u00dfen und -typen verarbeiten und bieten Flexibilit\u00e4t in der Produktion.<\/li>\n<\/ol>\n<p>&nbsp;<\/p>\n<p>&nbsp;<\/p>\n<p>&nbsp;<\/p>","protected":false},"excerpt":{"rendered":"<p>Here are some common types: Cartesian chip mounter: This type of chip mounter uses a Cartesian coordinate system (X, Y,&#8230;<\/p>","protected":false},"featured_media":20685,"comment_status":"open","ping_status":"closed","template":"","meta":[],"etheme_brands":[{"term_id":37,"name":"Fuji","slug":"fuji","term_group":0,"term_taxonomy_id":37,"taxonomy":"brand","description":"Fuji is another leading manufacturer of SMT placement machines and related equipment. They offer a range of products, including high-speed chip mounters, flexible mounters, odd-form component mounters, screen printers, and inspection systems.","parent":0,"count":2,"filter":"raw"}],"product_brand":[],"product_cat":[131],"product_tag":[96,100,128,129,130],"class_list":{"0":"post-12483","1":"product","2":"type-product","3":"status-publish","4":"has-post-thumbnail","6":"brand-fuji","7":"product_cat-smt-peripheral-equipment","8":"product_tag-auto-insertion","9":"product_tag-inserter-spare-parts","10":"product_tag-panasonic-al-spare-parts","11":"product_tag-panasonic-spare-parts","12":"product_tag-pcba-assembly","14":"first","15":"instock","16":"shipping-taxable","17":"product-type-simple"},"_links":{"self":[{"href":"https:\/\/esmte.com\/de\/wp-json\/wp\/v2\/product\/12483","targetHints":{"allow":["GET"]}}],"collection":[{"href":"https:\/\/esmte.com\/de\/wp-json\/wp\/v2\/product"}],"about":[{"href":"https:\/\/esmte.com\/de\/wp-json\/wp\/v2\/types\/product"}],"replies":[{"embeddable":true,"href":"https:\/\/esmte.com\/de\/wp-json\/wp\/v2\/comments?post=12483"}],"version-history":[{"count":1,"href":"https:\/\/esmte.com\/de\/wp-json\/wp\/v2\/product\/12483\/revisions"}],"predecessor-version":[{"id":20875,"href":"https:\/\/esmte.com\/de\/wp-json\/wp\/v2\/product\/12483\/revisions\/20875"}],"wp:featuredmedia":[{"embeddable":true,"href":"https:\/\/esmte.com\/de\/wp-json\/wp\/v2\/media\/20685"}],"wp:attachment":[{"href":"https:\/\/esmte.com\/de\/wp-json\/wp\/v2\/media?parent=12483"}],"wp:term":[{"taxonomy":"brand","embeddable":true,"href":"https:\/\/esmte.com\/de\/wp-json\/wp\/v2\/etheme_brands?post=12483"},{"taxonomy":"product_brand","embeddable":true,"href":"https:\/\/esmte.com\/de\/wp-json\/wp\/v2\/product_brand?post=12483"},{"taxonomy":"product_cat","embeddable":true,"href":"https:\/\/esmte.com\/de\/wp-json\/wp\/v2\/product_cat?post=12483"},{"taxonomy":"product_tag","embeddable":true,"href":"https:\/\/esmte.com\/de\/wp-json\/wp\/v2\/product_tag?post=12483"}],"curies":[{"name":"wp","href":"https:\/\/api.w.org\/{rel}","templated":true}]}}